{"id":976,"date":"2026-02-16T21:08:02","date_gmt":"2026-02-16T20:08:02","guid":{"rendered":"https:\/\/plans-construction.fr\/?page_id=976"},"modified":"2026-02-16T21:09:24","modified_gmt":"2026-02-16T20:09:24","slug":"politique-des-cookies","status":"publish","type":"page","link":"https:\/\/plans-construction.fr\/?page_id=976","title":{"rendered":"Politique des cookies"},"content":{"rendered":"\t\t<div data-elementor-type=\"wp-page\" data-elementor-id=\"976\" class=\"elementor elementor-976\" data-elementor-post-type=\"page\">\n\t\t\t\t<div class=\"elementor-element elementor-element-a965407 e-flex e-con-boxed e-con e-parent\" data-id=\"a965407\" data-element_type=\"container\" data-e-type=\"container\">\n\t\t\t\t\t<div class=\"e-con-inner\">\n\t\t\t\t<div class=\"elementor-element elementor-element-7c3d500 elementor-widget elementor-widget-heading\" data-id=\"7c3d500\" data-element_type=\"widget\" data-e-type=\"widget\" data-widget_type=\"heading.default\">\n\t\t\t\t<div class=\"elementor-widget-container\">\n\t\t\t\t\t<h2 class=\"elementor-heading-title elementor-size-default\">Politique des cookies<\/h2>\t\t\t\t<\/div>\n\t\t\t\t<\/div>\n\t\t\t\t<div class=\"elementor-element elementor-element-3787d9d elementor-widget elementor-widget-text-editor\" data-id=\"3787d9d\" data-element_type=\"widget\" data-e-type=\"widget\" data-widget_type=\"text-editor.default\">\n\t\t\t\t<div class=\"elementor-widget-container\">\n\t\t\t\t\t\t\t\t\t<p class=\"p1\"><strong>Quelle est l\u2019utilit\u00e9 de cette politique ?<\/strong><\/p><p class=\"p1\">Nous accordons une grande importance \u00e0 la confidentialit\u00e9 de vos donn\u00e9es qui repr\u00e9sente pour nous un gage de s\u00e9rieux et de confiance, peu importe qu\u2019il s\u2019agisse de cookies ou de donn\u00e9es personnelles.<\/p><p class=\"p1\">La politique cookies vise \u00e0 vous expliquer pourquoi nous utilisons des cookies ainsi que tout autre type de traceurs lorsque vous naviguez sur notre site <a href=\"https:\/\/plans-construction.fr\/\"><span class=\"s1\">https:\/\/plans-construction.fr\/<\/span><\/a> .<\/p><p class=\"p1\">En revanche, cette politique cookies ne concerne que les traitements relatifs au d\u00e9p\u00f4t de cookies et traceurs. Pour les autres traitements que nous effectuons, merci de consulter notre politique de confidentialit\u00e9 des donn\u00e9es, accessible \u00e0 tout moment sur notre site\u00a0<a href=\"https:\/\/plans-construction.fr\/\"><span class=\"s1\">https:\/\/plans-construction.fr\/<\/span><\/a>.<\/p><p class=\"p1\"><strong>Qu\u2019est-ce qu\u2019un cookie et quelle est son utilit\u00e9 ?<\/strong><\/p><p class=\"p1\">Les cookies et autres traceurs sont des petits fichiers \u201ctexte\u201d plac\u00e9s et h\u00e9berg\u00e9s par un serveur sur votre smartphone, tablette ou ordinateur lorsque vous consultez un site\u00a0internet.<\/p><p class=\"p1\">Les cookies ne permettent pas de vous identifier personnellement mais identifient votre terminal (ex : smartphone, tablette, etc.) via votre adresse IP, ainsi que diff\u00e9rentes\u00a0informations li\u00e9es \u00e0 votre navigation (ex : dur\u00e9e de navigation, pages consult\u00e9es, etc.)\u00a0afin de :<\/p><p class=\"p1\">\u25cf m\u00e9moriser votre identifiant afin de vous reconna\u00eetre lorsque vous vous connectez de nouveau sur un site internet et de conserver votre choix (ex : langues, refus des cookies, conserver votre panier, etc.).<\/p><p class=\"p1\">\u25cf tracer et analyser l\u2019usage que vous faites d\u2019un site internet \u00e0 des fins statistiques afin d\u2019am\u00e9liorer votre exp\u00e9rience et de vous fournir un service adapt\u00e9 \u00e0 vos besoins.<\/p><p class=\"p1\">\u25cf permettre de naviguer et d\u2019utiliser un site internet dans des conditions optimales.<\/p><p class=\"p1\">\u25cf analyser l\u2019usage que vous faites d\u2019un site internet afin de vous fournir de la publicit\u00e9\u00a0adapt\u00e9e \u00e0 vos besoins soit sur ce site internet soit sur d\u2019autres sites internet.<\/p><p class=\"p1\">Pour plus d\u2019informations sur ce sujet, vous pouvez consulter les sites internet suivants :\u00a0<a href=\"https:\/\/www.cnil.fr\/fr\"><span class=\"s2\">www.cnil.fr<\/span><\/a>,\u00a0<a href=\"https:\/\/www.allaboutcookies.org\/\"><span class=\"s2\">www.allaboutcookies.org<\/span><\/a>\u00a0et\u00a0<a href=\"https:\/\/youronlinechoices.eu\/\"><span class=\"s2\">www.youronlinechoices.eu<\/span><\/a>.<\/p><p class=\"p1\"><strong>Pourquoi utilisons-nous des \u201ccookies\u201d et pour combien de temps ?<\/strong><\/p><p class=\"p1\">Lorsque vous vous connectez sur notre site internet\u00a0<a href=\"https:\/\/plans-construction.fr\/\"><span class=\"s1\">https:\/\/plans-construction.fr\/<\/span><\/a>, nous sommes amen\u00e9s \u00e0 d\u00e9poser des cookies sur votre terminal uniquement pour les raisons et les fondements suivants :<\/p><ul class=\"ul1\"><li class=\"li1\">Cookies techniques qui permettent d\u2019utiliser notre site\u00a0<a href=\"https:\/\/plans-construction.fr\/\"><span class=\"s1\">https:\/\/plans-construction.fr\/<\/span><\/a> en toute s\u00e9curit\u00e9 sur la base de notre int\u00e9r\u00eat l\u00e9gitime \u00e0 vous proposer un site internet de qualit\u00e9.<\/li><li class=\"li1\">Cookies techniques qui permettent de faire fonctionner les vid\u00e9os diffus\u00e9es sur notre site\u00a0<a href=\"https:\/\/plans-construction.fr\/\"><span class=\"s1\">https:\/\/plans-construction.fr\/<\/span><\/a> , sur la base de votre consentement pr\u00e9alable.<\/li><\/ul><p class=\"p1\">Dans tous les cas, les cookies d\u00e9pos\u00e9s, quelle que soit leur nature, sont conserv\u00e9s pendant une dur\u00e9e maximale de 13 mois \u00e0 compter de leur installation et ne se renouvellent qu\u2019en cas de nouvelle connexion sur notre site internet \u00e0 l\u2019expiration de ce d\u00e9lai. Si vous souhaitez plus de d\u00e9tails sur les dur\u00e9es d\u2019utilisation de nos cookies, n\u2019h\u00e9sitez pas \u00e0 nous contacter \u00e0 l\u2019adresse\u00a0<a href=\"mailto:contact@plans-construction.fr\"><span class=\"s1\">contact@plans-construction.fr<\/span><\/a><span class=\"s4\"> .<\/span><\/p><p class=\"p1\">Toutefois, les donn\u00e9es collect\u00e9es \u00e0 l\u2019aide de ces cookies peuvent \u00eatre conserv\u00e9es plus\u00a0longtemps. Pour plus d\u2019informations \u00e0 ce sujet, vous pouvez consulter notre politique\u00a0de confidentialit\u00e9 accessible \u00e0 tout moment sur notre site <a href=\"https:\/\/plans-construction.fr\/\"><span class=\"s1\">https:\/\/plans-construction.fr\/<\/span><\/a>.<\/p><p class=\"p1\"><strong>Quel contr\u00f4le avez-vous sur ces \u201ccookies\u201d ?<\/strong><\/p><p class=\"p1\">Vous ne pouvez pas vous opposer au d\u00e9p\u00f4t de cookies techniques puisqu\u2019ils sont n\u00e9cessaires au bon fonctionnement de notre site\u00a0<a href=\"https:\/\/plans-construction.fr\/\"><span class=\"s1\">https:\/\/plans-construction.fr\/<\/span><\/a>. \u00c0 d\u00e9faut, notre site serait potentiellement inutilisable.<\/p><p class=\"p1\">Comme pr\u00e9cis\u00e9 pr\u00e9c\u00e9demment, cette exception ne s\u2019applique pas pour les cookies\u00a0techniques d\u00e9pos\u00e9s sur votre terminal pour faire fonctionner des vid\u00e9os. Dans ce cas\u00a0pr\u00e9cis, le d\u00e9p\u00f4t de cookies n\u2019est possible que si vous y avez pr\u00e9alablement consenti.<\/p><p class=\"p1\">Cependant, en plus des droits d\u00e9taill\u00e9s dans notre politique de confidentialit\u00e9, vous\u00a0disposez bien \u00e9videmment du droit de refuser ou de retirer votre consentement \u00e0 ce que tous les autres types de cookies soient install\u00e9s sur votre terminal.<\/p><p class=\"p1\">Le droit de refuser des cookies s\u2019effectue \u00e0 tout moment \u00e0 l\u2019aide de notre bandeau\u00a0cookies. Dans l\u2019hypoth\u00e8se o\u00f9 le bandeau cookies ne s\u2019afficherait plus, vous pouvez\u00a0\u00e9galement param\u00e9trer les cookies directement sur votre navigateur en suivant les\u00a0instructions suivantes :<\/p><p class=\"p1\">Chrome, Microsoft Edge, Safari, Firefox et Opera.<\/p><p class=\"p1\"><strong>Qui pouvez-vous contacter pour obtenir plus d\u2019informations ?<\/strong><\/p><p class=\"p1\">Notre D\u00e9l\u00e9gu\u00e9 \u00e0 la protection des donn\u00e9es (\u201cDPO\u201d) est toujours \u00e0 votre disposition pour vous expliquer plus en d\u00e9tail la mani\u00e8re dont nous utilisons des cookies et pour r\u00e9pondre \u00e0 vos questions sur le sujet des donn\u00e9es personnelles \u00e0 l\u2019adresse <a href=\"mailto:contact@plans-construction.fr\"><span class=\"s1\">contact@plans-construction.fr<\/span><\/a><\/p><p class=\"p1\"><strong>La politique peut-elle \u00eatre modifi\u00e9e ?<\/strong><\/p><p class=\"p1\">Nous sommes susceptibles de modifier notre politique cookies \u00e0 tout moment pour\u00a0l\u2019adapter aux nouvelles exigences l\u00e9gales ainsi qu\u2019aux nouveaux traitements que nous\u00a0pourrions mettre en \u0153uvre dans le futur. Vous serez \u00e9videmment inform\u00e9s de toute\u00a0modification de cette politique.<\/p>\t\t\t\t\t\t\t\t<\/div>\n\t\t\t\t<\/div>\n\t\t\t\t\t<\/div>\n\t\t\t\t<\/div>\n\t\t\t\t<\/div>\n\t\t","protected":false},"excerpt":{"rendered":"<p>Politique des cookies Quelle est l\u2019utilit\u00e9 de cette politique ? Nous accordons une grande importance \u00e0 la confidentialit\u00e9 de vos donn\u00e9es qui repr\u00e9sente pour nous un gage de s\u00e9rieux et de confiance, peu importe qu\u2019il s\u2019agisse de cookies ou de donn\u00e9es personnelles. La politique cookies vise \u00e0 vous expliquer pourquoi nous utilisons des cookies ainsi [&hellip;]<\/p>\n","protected":false},"author":6,"featured_media":0,"parent":0,"menu_order":0,"comment_status":"closed","ping_status":"closed","template":"elementor_header_footer","meta":{"footnotes":""},"class_list":["post-976","page","type-page","status-publish","hentry"],"yoast_head":"<!-- This site is optimized with the Yoast SEO plugin v27.0 - https:\/\/yoast.com\/product\/yoast-seo-wordpress\/ -->\n<title>Politique des cookies - Plans construction<\/title>\n<meta name=\"robots\" content=\"index, follow, max-snippet:-1, max-image-preview:large, max-video-preview:-1\" \/>\n<link rel=\"canonical\" href=\"https:\/\/plans-construction.fr\/?page_id=976\" \/>\n<meta property=\"og:locale\" content=\"fr_FR\" \/>\n<meta property=\"og:type\" content=\"article\" \/>\n<meta property=\"og:title\" content=\"Politique des cookies - Plans construction\" \/>\n<meta property=\"og:description\" content=\"Politique des cookies Quelle est l\u2019utilit\u00e9 de cette politique ? Nous accordons une grande importance \u00e0 la confidentialit\u00e9 de vos donn\u00e9es qui repr\u00e9sente pour nous un gage de s\u00e9rieux et de confiance, peu importe qu\u2019il s\u2019agisse de cookies ou de donn\u00e9es personnelles. La politique cookies vise \u00e0 vous expliquer pourquoi nous utilisons des cookies ainsi [&hellip;]\" \/>\n<meta property=\"og:url\" content=\"https:\/\/plans-construction.fr\/?page_id=976\" \/>\n<meta property=\"og:site_name\" content=\"Plans construction\" \/>\n<meta property=\"article:publisher\" content=\"https:\/\/facebook.com\/plansconstructionJMP\" \/>\n<meta property=\"article:modified_time\" content=\"2026-02-16T20:09:24+00:00\" \/>\n<meta name=\"twitter:card\" content=\"summary_large_image\" \/>\n<meta name=\"twitter:label1\" content=\"Dur\u00e9e de lecture estim\u00e9e\" \/>\n\t<meta name=\"twitter:data1\" content=\"4 minutes\" \/>\n<script type=\"application\/ld+json\" class=\"yoast-schema-graph\">{\"@context\":\"https:\/\/schema.org\",\"@graph\":[{\"@type\":\"WebPage\",\"@id\":\"https:\/\/plans-construction.fr\/?page_id=976\",\"url\":\"https:\/\/plans-construction.fr\/?page_id=976\",\"name\":\"Politique des cookies - Plans construction\",\"isPartOf\":{\"@id\":\"https:\/\/plans-construction.fr\/#website\"},\"datePublished\":\"2026-02-16T20:08:02+00:00\",\"dateModified\":\"2026-02-16T20:09:24+00:00\",\"breadcrumb\":{\"@id\":\"https:\/\/plans-construction.fr\/?page_id=976#breadcrumb\"},\"inLanguage\":\"fr-FR\",\"potentialAction\":[{\"@type\":\"ReadAction\",\"target\":[\"https:\/\/plans-construction.fr\/?page_id=976\"]}]},{\"@type\":\"BreadcrumbList\",\"@id\":\"https:\/\/plans-construction.fr\/?page_id=976#breadcrumb\",\"itemListElement\":[{\"@type\":\"ListItem\",\"position\":1,\"name\":\"Accueil\",\"item\":\"https:\/\/plans-construction.fr\/\"},{\"@type\":\"ListItem\",\"position\":2,\"name\":\"Politique des cookies\"}]},{\"@type\":\"WebSite\",\"@id\":\"https:\/\/plans-construction.fr\/#website\",\"url\":\"https:\/\/plans-construction.fr\/\",\"name\":\"Plans construction\",\"description\":\"Vos plans d&#039;architecture sur mesure\",\"publisher\":{\"@id\":\"https:\/\/plans-construction.fr\/#organization\"},\"potentialAction\":[{\"@type\":\"SearchAction\",\"target\":{\"@type\":\"EntryPoint\",\"urlTemplate\":\"https:\/\/plans-construction.fr\/?s={search_term_string}\"},\"query-input\":{\"@type\":\"PropertyValueSpecification\",\"valueRequired\":true,\"valueName\":\"search_term_string\"}}],\"inLanguage\":\"fr-FR\"},{\"@type\":\"Organization\",\"@id\":\"https:\/\/plans-construction.fr\/#organization\",\"name\":\"Plans construction\",\"url\":\"https:\/\/plans-construction.fr\/\",\"logo\":{\"@type\":\"ImageObject\",\"inLanguage\":\"fr-FR\",\"@id\":\"https:\/\/plans-construction.fr\/#\/schema\/logo\/image\/\",\"url\":\"https:\/\/plans-construction.fr\/wp-content\/uploads\/2025\/01\/LOGO-adopte-2025-350pxl.png\",\"contentUrl\":\"https:\/\/plans-construction.fr\/wp-content\/uploads\/2025\/01\/LOGO-adopte-2025-350pxl.png\",\"width\":350,\"height\":350,\"caption\":\"Plans construction\"},\"image\":{\"@id\":\"https:\/\/plans-construction.fr\/#\/schema\/logo\/image\/\"},\"sameAs\":[\"https:\/\/facebook.com\/plansconstructionJMP\"]}]}<\/script>\n<!-- \/ Yoast SEO plugin. -->","yoast_head_json":{"title":"Politique des cookies - Plans construction","robots":{"index":"index","follow":"follow","max-snippet":"max-snippet:-1","max-image-preview":"max-image-preview:large","max-video-preview":"max-video-preview:-1"},"canonical":"https:\/\/plans-construction.fr\/?page_id=976","og_locale":"fr_FR","og_type":"article","og_title":"Politique des cookies - Plans construction","og_description":"Politique des cookies Quelle est l\u2019utilit\u00e9 de cette politique ? Nous accordons une grande importance \u00e0 la confidentialit\u00e9 de vos donn\u00e9es qui repr\u00e9sente pour nous un gage de s\u00e9rieux et de confiance, peu importe qu\u2019il s\u2019agisse de cookies ou de donn\u00e9es personnelles. La politique cookies vise \u00e0 vous expliquer pourquoi nous utilisons des cookies ainsi [&hellip;]","og_url":"https:\/\/plans-construction.fr\/?page_id=976","og_site_name":"Plans construction","article_publisher":"https:\/\/facebook.com\/plansconstructionJMP","article_modified_time":"2026-02-16T20:09:24+00:00","twitter_card":"summary_large_image","twitter_misc":{"Dur\u00e9e de lecture estim\u00e9e":"4 minutes"},"schema":{"@context":"https:\/\/schema.org","@graph":[{"@type":"WebPage","@id":"https:\/\/plans-construction.fr\/?page_id=976","url":"https:\/\/plans-construction.fr\/?page_id=976","name":"Politique des cookies - Plans construction","isPartOf":{"@id":"https:\/\/plans-construction.fr\/#website"},"datePublished":"2026-02-16T20:08:02+00:00","dateModified":"2026-02-16T20:09:24+00:00","breadcrumb":{"@id":"https:\/\/plans-construction.fr\/?page_id=976#breadcrumb"},"inLanguage":"fr-FR","potentialAction":[{"@type":"ReadAction","target":["https:\/\/plans-construction.fr\/?page_id=976"]}]},{"@type":"BreadcrumbList","@id":"https:\/\/plans-construction.fr\/?page_id=976#breadcrumb","itemListElement":[{"@type":"ListItem","position":1,"name":"Accueil","item":"https:\/\/plans-construction.fr\/"},{"@type":"ListItem","position":2,"name":"Politique des cookies"}]},{"@type":"WebSite","@id":"https:\/\/plans-construction.fr\/#website","url":"https:\/\/plans-construction.fr\/","name":"Plans construction","description":"Vos plans d&#039;architecture sur mesure","publisher":{"@id":"https:\/\/plans-construction.fr\/#organization"},"potentialAction":[{"@type":"SearchAction","target":{"@type":"EntryPoint","urlTemplate":"https:\/\/plans-construction.fr\/?s={search_term_string}"},"query-input":{"@type":"PropertyValueSpecification","valueRequired":true,"valueName":"search_term_string"}}],"inLanguage":"fr-FR"},{"@type":"Organization","@id":"https:\/\/plans-construction.fr\/#organization","name":"Plans construction","url":"https:\/\/plans-construction.fr\/","logo":{"@type":"ImageObject","inLanguage":"fr-FR","@id":"https:\/\/plans-construction.fr\/#\/schema\/logo\/image\/","url":"https:\/\/plans-construction.fr\/wp-content\/uploads\/2025\/01\/LOGO-adopte-2025-350pxl.png","contentUrl":"https:\/\/plans-construction.fr\/wp-content\/uploads\/2025\/01\/LOGO-adopte-2025-350pxl.png","width":350,"height":350,"caption":"Plans construction"},"image":{"@id":"https:\/\/plans-construction.fr\/#\/schema\/logo\/image\/"},"sameAs":["https:\/\/facebook.com\/plansconstructionJMP"]}]}},"_links":{"self":[{"href":"https:\/\/plans-construction.fr\/index.php?rest_route=\/wp\/v2\/pages\/976","targetHints":{"allow":["GET"]}}],"collection":[{"href":"https:\/\/plans-construction.fr\/index.php?rest_route=\/wp\/v2\/pages"}],"about":[{"href":"https:\/\/plans-construction.fr\/index.php?rest_route=\/wp\/v2\/types\/page"}],"author":[{"embeddable":true,"href":"https:\/\/plans-construction.fr\/index.php?rest_route=\/wp\/v2\/users\/6"}],"replies":[{"embeddable":true,"href":"https:\/\/plans-construction.fr\/index.php?rest_route=%2Fwp%2Fv2%2Fcomments&post=976"}],"version-history":[{"count":7,"href":"https:\/\/plans-construction.fr\/index.php?rest_route=\/wp\/v2\/pages\/976\/revisions"}],"predecessor-version":[{"id":987,"href":"https:\/\/plans-construction.fr\/index.php?rest_route=\/wp\/v2\/pages\/976\/revisions\/987"}],"wp:attachment":[{"href":"https:\/\/plans-construction.fr\/index.php?rest_route=%2Fwp%2Fv2%2Fmedia&parent=976"}],"curies":[{"name":"wp","href":"https:\/\/api.w.org\/{rel}","templated":true}]}}