{"id":971,"date":"2026-02-16T21:06:24","date_gmt":"2026-02-16T20:06:24","guid":{"rendered":"https:\/\/plans-construction.fr\/?page_id=971"},"modified":"2026-02-16T21:08:09","modified_gmt":"2026-02-16T20:08:09","slug":"politique-de-confidentialite","status":"publish","type":"page","link":"https:\/\/plans-construction.fr\/?page_id=971","title":{"rendered":"Politique de confidentialit\u00e9"},"content":{"rendered":"\t\t<div data-elementor-type=\"wp-page\" data-elementor-id=\"971\" class=\"elementor elementor-971\" data-elementor-post-type=\"page\">\n\t\t\t\t<div class=\"elementor-element elementor-element-a965407 e-flex e-con-boxed e-con e-parent\" data-id=\"a965407\" data-element_type=\"container\" data-e-type=\"container\">\n\t\t\t\t\t<div class=\"e-con-inner\">\n\t\t\t\t<div class=\"elementor-element elementor-element-7c3d500 elementor-widget elementor-widget-heading\" data-id=\"7c3d500\" data-element_type=\"widget\" data-e-type=\"widget\" data-widget_type=\"heading.default\">\n\t\t\t\t<div class=\"elementor-widget-container\">\n\t\t\t\t\t<h2 class=\"elementor-heading-title elementor-size-default\">Politique de confidentialit\u00e9<\/h2>\t\t\t\t<\/div>\n\t\t\t\t<\/div>\n\t\t\t\t<div class=\"elementor-element elementor-element-3787d9d elementor-widget elementor-widget-text-editor\" data-id=\"3787d9d\" data-element_type=\"widget\" data-e-type=\"widget\" data-widget_type=\"text-editor.default\">\n\t\t\t\t<div class=\"elementor-widget-container\">\n\t\t\t\t\t\t\t\t\t<p class=\"p1\"><b>Quelle est l\u2019utilit\u00e9 de cette politique ?<\/b><b><\/b><\/p><p class=\"p1\">Nous accordons une grande importance \u00e0 la protection et la confidentialit\u00e9 de vos donn\u00e9es personnelles qui repr\u00e9sentent pour nous un gage de s\u00e9rieux et de confiance.<\/p><p class=\"p1\">La politique de confidentialit\u00e9 des donn\u00e9es t\u00e9moigne pr\u00e9cis\u00e9ment de notre volont\u00e9 de faire respecter les r\u00e8gles applicables en mati\u00e8re de protection des donn\u00e9es et, notamment, celles du R\u00e8glement g\u00e9n\u00e9ral sur la protection des Donn\u00e9es (\u00ab RGPD \u00bb).<\/p><p class=\"p1\">En particulier, la politique de confidentialit\u00e9 vise \u00e0 vous informer sur la mani\u00e8re et les raisons pour lesquelles nous traitons vos donn\u00e9es dans le cadre des services que nous fournissons.<\/p><p class=\"p1\"><b>\u00c0 qui s\u2019adresse cette politique ?<\/b><b><\/b><\/p><p class=\"p1\">Pourquoi traitons-nous vos donn\u00e9es ?<\/p><p class=\"p1\">Dans le cadre des services propos\u00e9s, nous sommes n\u00e9cessairement amen\u00e9s \u00e0 traiter vos donn\u00e9es personnelles pour les raisons et les fondements suivants :<\/p><ul class=\"ul1\"><li class=\"li1\">Pour naviguer sur notre site internet <a href=\"https:\/\/plans-construction.fr\/\"><span class=\"s2\">https:\/\/plans-construction.fr\/<\/span><\/a>, payer et b\u00e9n\u00e9ficier de nos services et pour que nous puissions r\u00e9pondre \u00e0 vos demandes (ex : demandes d\u2019information, r\u00e9clamations, etc.) sur la base de nos conditions g\u00e9n\u00e9rales de vente, de nos conditions g\u00e9n\u00e9rales d\u2019utilisation, et de notre int\u00e9r\u00eat l\u00e9gitime \u00e0 vous fournir le meilleur service possible.<\/li><li class=\"li1\">Pour nous suivre et commenter nos publications sur les r\u00e9seaux sociaux sur la base des conditions g\u00e9n\u00e9rales d\u2019utilisation du r\u00e9seau social concern\u00e9 et de notre int\u00e9r\u00eat l\u00e9gitime \u00e0 b\u00e9n\u00e9ficier d\u2019une page d\u00e9di\u00e9e sur les r\u00e9seaux sociaux.<\/li><li class=\"li1\">Pour recevoir notre newsletter qui vous informera de toutes les actualit\u00e9s concernant nos services sur la base de votre consentement.<\/li><li class=\"li1\">Pour candidater \u00e0 un poste au sein de PLANS-CONSTRUCTION sur la base des discussions que nous avons avec vous pendant le processus de recrutement et de notre int\u00e9r\u00eat l\u00e9gitime \u00e0 recruter et s\u00e9lectionner des candidats.<\/li><li class=\"li1\">Pour faire fonctionner les vid\u00e9os publi\u00e9es sur notre site sur la base de votre consentement pr\u00e9alable.<\/li><li class=\"li1\">Pour prendre rendez-vous de mani\u00e8re automatique avec nos \u00e9quipes sur la base des conditions g\u00e9n\u00e9rales d\u2019utilisation de son \u00e9diteur et de notre int\u00e9r\u00eat l\u00e9gitime \u00e0 vous fournir un outil de prise de rendez-vous simple et efficace.<\/li><li class=\"li1\">Pour garantir et renforcer la s\u00e9curit\u00e9 et la qualit\u00e9 de nos services au quotidien (ex : statistiques, s\u00e9curit\u00e9 des donn\u00e9es, etc.) sur la base des obligations l\u00e9gales pesant sur nous, de nos conditions g\u00e9n\u00e9rales de vente et de notre int\u00e9r\u00eat l\u00e9gitime \u00e0 assurer le bon fonctionnement de nos services.<\/li><li class=\"li1\">Enfin, nous pouvons \u00e9galement installer des \u201cCookies\u201d sur votre terminal. Pour obtenir plus d\u2019informations sur l\u2019utilisation des \u201cCookies\u201d, nous vous invitons \u00e0 consulter notre \u201cPolitique Cookies\u201d. Vos donn\u00e9es sont collect\u00e9es directement aupr\u00e8s de vous lorsque vous vous connectez \u00e0 notre site internet et que vous faites appel \u00e0 nos services.<\/li><\/ul><p class=\"p1\">Nous n\u2019effectuons jamais de prospection commerciale (ex : e-mailing, envoi de SMS, etc.) dans le cadre de notre activit\u00e9 et nous nous engageons \u00e0 ne traiter vos donn\u00e9es que pour les raisons d\u00e9crites pr\u00e9c\u00e9demment. En revanche, d\u00e8s lors que vous publiez volontairement du contenu sur les pages que nous \u00e9ditons sur les r\u00e9seaux sociaux, vous reconnaissez \u00eatre enti\u00e8rement responsable de toute information personnelle que vous pourriez transmettre, quelle que soit la nature et l\u2019origine de l\u2019information fournie.<\/p><p class=\"p1\"><b>Quelles donn\u00e9es traitons-nous et pour combien de temps ?<\/b><b><\/b><\/p><p class=\"p1\">Nous avons r\u00e9sum\u00e9 les cat\u00e9gories de donn\u00e9es personnelles que nous collectons ainsi que leurs dur\u00e9es respectives de conservation. Si vous souhaitez obtenir encore plus de d\u00e9tails sur les dur\u00e9es de conservation applicables \u00e0 vos donn\u00e9es, vous pouvez nous contacter \u00e0 l\u2019adresse : <a href=\"mailto:contact@plans-construction.fr\"><span class=\"s2\">contact@plans-construction.fr<\/span><\/a><\/p><ul class=\"ul1\"><li class=\"li1\">Donn\u00e9es d\u2019identification professionnelles (ex : nom, pr\u00e9nom, poste, entreprise, etc.) et coordonn\u00e9es (ex : adresse email professionnelle, Linkedin, etc.) conserv\u00e9es pendant toute la dur\u00e9e de la fourniture du service \u00e0 laquelle s\u2019ajoutent les d\u00e9lais de prescriptions l\u00e9gaux qui sont g\u00e9n\u00e9ralement de 5 ans.<\/li><li class=\"li1\">Lorsqu\u2019il y a une confusion entre le nom de votre structure et votre nom personnel (ex : auto-entrepreneur, TPE, etc.), donn\u00e9es d\u2019ordre \u00e9conomique et financier (ex : num\u00e9ro de compte bancaire, code de v\u00e9rification, etc.) conserv\u00e9es pendant la dur\u00e9e n\u00e9cessaire \u00e0 la transaction et \u00e0 la gestion de la facturation et des paiements \u00e0 laquelle s\u2019ajoutent les d\u00e9lais de prescription l\u00e9gaux qui sont g\u00e9n\u00e9ralement de 5 ans \u00e0 10 ans.<\/li><li class=\"li1\">Donn\u00e9es indiqu\u00e9es dans le CV et la lettre de motivation conserv\u00e9es pendant la dur\u00e9e du processus de recrutement puis pendant 2 ans \u00e0 compter de votre candidature.<\/li><li class=\"li1\">Donn\u00e9es statistiques relatives au visionnage de nos vid\u00e9os qui sont anonymis\u00e9es et conserv\u00e9es de mani\u00e8re illimit\u00e9e.<\/li><li class=\"li1\">Donn\u00e9es de connexion (ex : logs, adresse IP, etc.) conserv\u00e9es pendant une dur\u00e9e de 1 an.<\/li><li class=\"li1\">Cookies qui sont en g\u00e9n\u00e9ral conserv\u00e9s pendant une dur\u00e9e de 13 mois maximum. Pour plus de d\u00e9tails sur l\u2019utilisation que nous faisons de vos cookies, vous pouvez consulter notre politique cookies accessibles \u00e0 tout moment sur notre site internet.<\/li><\/ul><p class=\"p1\">\u00c0 l\u2019expiration des dur\u00e9es de conservation r\u00e9sum\u00e9es pr\u00e9c\u00e9demment, nous supprimons toutes vos donn\u00e9es personnelles afin de garantir votre confidentialit\u00e9 pour les ann\u00e9es futures.<\/p><p class=\"p1\">La suppression de vos donn\u00e9es personnelles est irr\u00e9versible et nous ne pourrons plus vous les communiquer pass\u00e9 ce d\u00e9lai. Tout au plus, nous pouvons uniquement conserver des donn\u00e9es anonymes \u00e0 des fins de statistiques.<\/p><p class=\"p1\">Veuillez \u00e9galement noter qu\u2019en cas de contentieux, nous avons pour obligation de conserver l\u2019int\u00e9gralit\u00e9 des donn\u00e9es vous concernant durant toute la dur\u00e9e de traitement du dossier m\u00eame apr\u00e8s l\u2019expiration de leurs dur\u00e9es de conservation d\u00e9crites pr\u00e9c\u00e9demment.<\/p><p class=\"p1\"><b>De quels droits disposez-vous pour contr\u00f4ler l\u2019usage de vos donn\u00e9es ?<\/b><b><\/b><\/p><p class=\"p1\">La r\u00e9glementation applicable en mati\u00e8re de protection des donn\u00e9es vous octroie des droits sp\u00e9cifiques que vous pouvez exercer, \u00e0 tout moment et gratuitement, afin de contr\u00f4ler l\u2019usage que nous faisons de vos donn\u00e9es.<\/p><ul class=\"ul1\"><li class=\"li1\">Droit d\u2019acc\u00e8s et de copie de vos donn\u00e9es personnelles d\u00e8s lors que cette demande n\u2019est pas en contradiction avec le secret des affaires, la confidentialit\u00e9, ou encore le secret des correspondances.<\/li><li class=\"li1\">Droit de rectification de donn\u00e9es personnelles qui seraient erron\u00e9es, obsol\u00e8tes ou incompl\u00e8tes.<\/li><li class=\"li1\">Droit de vous opposer aux traitements de vos donn\u00e9es personnelles mis en \u0153uvre \u00e0 des fins de prospection commerciale.<\/li><li class=\"li1\">Droit de demander l\u2019effacement (\u201cdroit \u00e0 l\u2019oubli\u201d) de vos donn\u00e9es personnelles qui ne seraient pas essentielles au bon fonctionnement de nos services.<\/li><li class=\"li1\">Droit \u00e0 la limitation de vos donn\u00e9es personnelles qui permet de photographier l\u2019utilisation de vos donn\u00e9es en cas de contestation sur la l\u00e9gitimit\u00e9 d\u2019un traitement.<\/li><li class=\"li1\">Droit \u00e0 la portabilit\u00e9 de vos donn\u00e9es qui vous permet de r\u00e9cup\u00e9rer une partie de vos donn\u00e9es personnelles afin de les stocker ou les transmettre facilement d\u2019un syst\u00e8me d\u2019information \u00e0 un autre.<\/li><li class=\"li1\">Droit de donner des directives sur le sort de vos donn\u00e9es en cas de d\u00e9c\u00e8s soit par votre interm\u00e9diaire, soit par l\u2019interm\u00e9diaire d\u2019un tiers de confiance ou d\u2019un ayant-droit.<\/li><\/ul><p class=\"p1\">Pour qu\u2019une demande soit prise en compte, il est imp\u00e9ratif qu\u2019elle soit effectu\u00e9e directement par vous \u00e0 l\u2019adresse\u00a0<a href=\"mailto:contact@plans-construction.fr\"><span class=\"s2\">contact@plans-construction.fr<\/span><\/a> . Toute demande qui n\u2019est pas effectu\u00e9e de cette mani\u00e8re ne peut pas \u00eatre trait\u00e9e.<\/p><p class=\"p1\">Les demandes ne peuvent pas \u00e9maner d\u2019une autre personne que vous. Nous pouvons donc vous demander la communication d\u2019une preuve d\u2019identit\u00e9 en cas de doute sur l\u2019identit\u00e9 du demandeur.<\/p><p class=\"p1\">Veuillez noter que nous pouvons toujours refuser de r\u00e9pondre \u00e0 toute demande excessive ou infond\u00e9e notamment au regard de son caract\u00e8re r\u00e9p\u00e9titif.<\/p><p class=\"p1\"><b>Qui peut avoir acc\u00e8s \u00e0 vos donn\u00e9es ?<\/b><b><\/b><\/p><p class=\"p1\">Nous ne communiquons vos donn\u00e9es qu\u2019aux personnes d\u00fbment autoris\u00e9es \u00e0 les utiliser pour mettre en \u0153uvre nos services. Il peut notamment s\u2019agir de notre personnel en charge de la mise en \u0153uvre du service, de la comptabilit\u00e9, de nos prestataires techniques (ex : h\u00e9bergement des donn\u00e9es) ou m\u00eame de la s\u00e9curit\u00e9 de nos locaux.<\/p><p class=\"p1\"><b>Comment prot\u00e9geons-nous vos donn\u00e9es ?<\/b><b><\/b><\/p><p class=\"p1\">Nous mettons en \u0153uvre tous les moyens techniques et organisationnels requis pour garantir la s\u00e9curit\u00e9 de vos donn\u00e9es au quotidien et, en particulier, pour lutter contre tout risque de destruction, perte, alt\u00e9ration, ou divulgation de vos donn\u00e9es qui ne serait pas autoris\u00e9e (ex : formation, contr\u00f4le des acc\u00e8s, mots de passe, antivirus, serveurs de secours, \u00ab https \u00bb, etc.).<\/p><p class=\"p1\"><b>Vos donn\u00e9es peuvent-elles \u00eatre transf\u00e9r\u00e9es en dehors de l\u2019Union europ\u00e9enne ?<\/b><b><\/b><\/p><p class=\"p1\">Sauf si cela s\u2019av\u00e8re strictement n\u00e9cessaire et de mani\u00e8re exceptionnelle, nous ne transf\u00e9rons jamais vos donn\u00e9es en dehors de l\u2019Union europ\u00e9enne et vos donn\u00e9es sont toujours h\u00e9berg\u00e9es sur le sol europ\u00e9en. En outre, nous faisons notre maximum pour ne recruter que des prestataires h\u00e9bergeant vos donn\u00e9es au sein de l\u2019Union europ\u00e9enne.<\/p><p class=\"p1\">Dans le cas o\u00f9 nos prestataires seraient n\u00e9anmoins amen\u00e9s \u00e0 transf\u00e9rer des donn\u00e9es personnelles vous concernant en dehors de l\u2019Union europ\u00e9enne, nous veillons scrupuleusement \u00e0 ce qu\u2019ils mettent en \u0153uvre les garanties appropri\u00e9es afin d\u2019assurer la confidentialit\u00e9 et la protection de vos donn\u00e9es.<\/p><p class=\"p1\"><b>Qui pouvez-vous contacter pour obtenir plus d\u2019informations ?<\/b><b><\/b><\/p><p class=\"p1\">Notre D\u00e9l\u00e9gu\u00e9 \u00e0 la protection des donn\u00e9es (\u201cDPO\u201d) est toujours \u00e0 votre disposition pour vous expliquer plus en d\u00e9tail la mani\u00e8re dont nous traitons vos donn\u00e9es et pour r\u00e9pondre \u00e0 vos questions sur le sujet \u00e0 l\u2019adresse suivante :\u00a0<a href=\"mailto:contact@plans-construction.fr\"><span class=\"s2\">contact@plans-construction.fr<\/span><\/a><b> <\/b><\/p><p class=\"p1\"><b>Comment pouvez-vous contacter la CNIL ?<\/b><b><\/b><\/p><p class=\"p1\"><b>La politique peut-elle \u00eatre modifi\u00e9e ?<\/b><b><\/b><\/p><p class=\"p1\">Nous sommes susceptibles de modifier notre politique de confidentialit\u00e9 \u00e0 tout moment pour l\u2019adapter aux nouvelles exigences l\u00e9gales ainsi qu\u2019aux nouveaux traitements que nous pourrions mettre en \u0153uvre dans le futur. Vous serez \u00e9videmment inform\u00e9s de toute modification de cette politique.<\/p>\t\t\t\t\t\t\t\t<\/div>\n\t\t\t\t<\/div>\n\t\t\t\t\t<\/div>\n\t\t\t\t<\/div>\n\t\t\t\t<\/div>\n\t\t","protected":false},"excerpt":{"rendered":"<p>Politique de confidentialit\u00e9 Quelle est l\u2019utilit\u00e9 de cette politique ? Nous accordons une grande importance \u00e0 la protection et la confidentialit\u00e9 de vos donn\u00e9es personnelles qui repr\u00e9sentent pour nous un gage de s\u00e9rieux et de confiance. La politique de confidentialit\u00e9 des donn\u00e9es t\u00e9moigne pr\u00e9cis\u00e9ment de notre volont\u00e9 de faire respecter les r\u00e8gles applicables en mati\u00e8re [&hellip;]<\/p>\n","protected":false},"author":6,"featured_media":0,"parent":0,"menu_order":0,"comment_status":"closed","ping_status":"closed","template":"elementor_header_footer","meta":{"footnotes":""},"class_list":["post-971","page","type-page","status-publish","hentry"],"yoast_head":"<!-- This site is optimized with the Yoast SEO plugin v27.0 - https:\/\/yoast.com\/product\/yoast-seo-wordpress\/ -->\n<title>Politique de confidentialit\u00e9 - Plans construction<\/title>\n<meta name=\"robots\" content=\"index, follow, max-snippet:-1, max-image-preview:large, max-video-preview:-1\" \/>\n<link rel=\"canonical\" href=\"https:\/\/plans-construction.fr\/?page_id=971\" \/>\n<meta property=\"og:locale\" content=\"fr_FR\" \/>\n<meta property=\"og:type\" content=\"article\" \/>\n<meta property=\"og:title\" content=\"Politique de confidentialit\u00e9 - Plans construction\" \/>\n<meta property=\"og:description\" content=\"Politique de confidentialit\u00e9 Quelle est l\u2019utilit\u00e9 de cette politique ? Nous accordons une grande importance \u00e0 la protection et la confidentialit\u00e9 de vos donn\u00e9es personnelles qui repr\u00e9sentent pour nous un gage de s\u00e9rieux et de confiance. La politique de confidentialit\u00e9 des donn\u00e9es t\u00e9moigne pr\u00e9cis\u00e9ment de notre volont\u00e9 de faire respecter les r\u00e8gles applicables en mati\u00e8re [&hellip;]\" \/>\n<meta property=\"og:url\" content=\"https:\/\/plans-construction.fr\/?page_id=971\" \/>\n<meta property=\"og:site_name\" content=\"Plans construction\" \/>\n<meta property=\"article:publisher\" content=\"https:\/\/facebook.com\/plansconstructionJMP\" \/>\n<meta property=\"article:modified_time\" content=\"2026-02-16T20:08:09+00:00\" \/>\n<meta name=\"twitter:card\" content=\"summary_large_image\" \/>\n<meta name=\"twitter:label1\" content=\"Dur\u00e9e de lecture estim\u00e9e\" \/>\n\t<meta name=\"twitter:data1\" content=\"8 minutes\" \/>\n<script type=\"application\/ld+json\" class=\"yoast-schema-graph\">{\"@context\":\"https:\/\/schema.org\",\"@graph\":[{\"@type\":\"WebPage\",\"@id\":\"https:\/\/plans-construction.fr\/?page_id=971\",\"url\":\"https:\/\/plans-construction.fr\/?page_id=971\",\"name\":\"Politique de confidentialit\u00e9 - Plans construction\",\"isPartOf\":{\"@id\":\"https:\/\/plans-construction.fr\/#website\"},\"datePublished\":\"2026-02-16T20:06:24+00:00\",\"dateModified\":\"2026-02-16T20:08:09+00:00\",\"breadcrumb\":{\"@id\":\"https:\/\/plans-construction.fr\/?page_id=971#breadcrumb\"},\"inLanguage\":\"fr-FR\",\"potentialAction\":[{\"@type\":\"ReadAction\",\"target\":[\"https:\/\/plans-construction.fr\/?page_id=971\"]}]},{\"@type\":\"BreadcrumbList\",\"@id\":\"https:\/\/plans-construction.fr\/?page_id=971#breadcrumb\",\"itemListElement\":[{\"@type\":\"ListItem\",\"position\":1,\"name\":\"Accueil\",\"item\":\"https:\/\/plans-construction.fr\/\"},{\"@type\":\"ListItem\",\"position\":2,\"name\":\"Politique de confidentialit\u00e9\"}]},{\"@type\":\"WebSite\",\"@id\":\"https:\/\/plans-construction.fr\/#website\",\"url\":\"https:\/\/plans-construction.fr\/\",\"name\":\"Plans construction\",\"description\":\"Vos plans d&#039;architecture sur mesure\",\"publisher\":{\"@id\":\"https:\/\/plans-construction.fr\/#organization\"},\"potentialAction\":[{\"@type\":\"SearchAction\",\"target\":{\"@type\":\"EntryPoint\",\"urlTemplate\":\"https:\/\/plans-construction.fr\/?s={search_term_string}\"},\"query-input\":{\"@type\":\"PropertyValueSpecification\",\"valueRequired\":true,\"valueName\":\"search_term_string\"}}],\"inLanguage\":\"fr-FR\"},{\"@type\":\"Organization\",\"@id\":\"https:\/\/plans-construction.fr\/#organization\",\"name\":\"Plans construction\",\"url\":\"https:\/\/plans-construction.fr\/\",\"logo\":{\"@type\":\"ImageObject\",\"inLanguage\":\"fr-FR\",\"@id\":\"https:\/\/plans-construction.fr\/#\/schema\/logo\/image\/\",\"url\":\"https:\/\/plans-construction.fr\/wp-content\/uploads\/2025\/01\/LOGO-adopte-2025-350pxl.png\",\"contentUrl\":\"https:\/\/plans-construction.fr\/wp-content\/uploads\/2025\/01\/LOGO-adopte-2025-350pxl.png\",\"width\":350,\"height\":350,\"caption\":\"Plans construction\"},\"image\":{\"@id\":\"https:\/\/plans-construction.fr\/#\/schema\/logo\/image\/\"},\"sameAs\":[\"https:\/\/facebook.com\/plansconstructionJMP\"]}]}<\/script>\n<!-- \/ Yoast SEO plugin. -->","yoast_head_json":{"title":"Politique de confidentialit\u00e9 - Plans construction","robots":{"index":"index","follow":"follow","max-snippet":"max-snippet:-1","max-image-preview":"max-image-preview:large","max-video-preview":"max-video-preview:-1"},"canonical":"https:\/\/plans-construction.fr\/?page_id=971","og_locale":"fr_FR","og_type":"article","og_title":"Politique de confidentialit\u00e9 - Plans construction","og_description":"Politique de confidentialit\u00e9 Quelle est l\u2019utilit\u00e9 de cette politique ? Nous accordons une grande importance \u00e0 la protection et la confidentialit\u00e9 de vos donn\u00e9es personnelles qui repr\u00e9sentent pour nous un gage de s\u00e9rieux et de confiance. La politique de confidentialit\u00e9 des donn\u00e9es t\u00e9moigne pr\u00e9cis\u00e9ment de notre volont\u00e9 de faire respecter les r\u00e8gles applicables en mati\u00e8re [&hellip;]","og_url":"https:\/\/plans-construction.fr\/?page_id=971","og_site_name":"Plans construction","article_publisher":"https:\/\/facebook.com\/plansconstructionJMP","article_modified_time":"2026-02-16T20:08:09+00:00","twitter_card":"summary_large_image","twitter_misc":{"Dur\u00e9e de lecture estim\u00e9e":"8 minutes"},"schema":{"@context":"https:\/\/schema.org","@graph":[{"@type":"WebPage","@id":"https:\/\/plans-construction.fr\/?page_id=971","url":"https:\/\/plans-construction.fr\/?page_id=971","name":"Politique de confidentialit\u00e9 - Plans construction","isPartOf":{"@id":"https:\/\/plans-construction.fr\/#website"},"datePublished":"2026-02-16T20:06:24+00:00","dateModified":"2026-02-16T20:08:09+00:00","breadcrumb":{"@id":"https:\/\/plans-construction.fr\/?page_id=971#breadcrumb"},"inLanguage":"fr-FR","potentialAction":[{"@type":"ReadAction","target":["https:\/\/plans-construction.fr\/?page_id=971"]}]},{"@type":"BreadcrumbList","@id":"https:\/\/plans-construction.fr\/?page_id=971#breadcrumb","itemListElement":[{"@type":"ListItem","position":1,"name":"Accueil","item":"https:\/\/plans-construction.fr\/"},{"@type":"ListItem","position":2,"name":"Politique de confidentialit\u00e9"}]},{"@type":"WebSite","@id":"https:\/\/plans-construction.fr\/#website","url":"https:\/\/plans-construction.fr\/","name":"Plans construction","description":"Vos plans d&#039;architecture sur mesure","publisher":{"@id":"https:\/\/plans-construction.fr\/#organization"},"potentialAction":[{"@type":"SearchAction","target":{"@type":"EntryPoint","urlTemplate":"https:\/\/plans-construction.fr\/?s={search_term_string}"},"query-input":{"@type":"PropertyValueSpecification","valueRequired":true,"valueName":"search_term_string"}}],"inLanguage":"fr-FR"},{"@type":"Organization","@id":"https:\/\/plans-construction.fr\/#organization","name":"Plans construction","url":"https:\/\/plans-construction.fr\/","logo":{"@type":"ImageObject","inLanguage":"fr-FR","@id":"https:\/\/plans-construction.fr\/#\/schema\/logo\/image\/","url":"https:\/\/plans-construction.fr\/wp-content\/uploads\/2025\/01\/LOGO-adopte-2025-350pxl.png","contentUrl":"https:\/\/plans-construction.fr\/wp-content\/uploads\/2025\/01\/LOGO-adopte-2025-350pxl.png","width":350,"height":350,"caption":"Plans construction"},"image":{"@id":"https:\/\/plans-construction.fr\/#\/schema\/logo\/image\/"},"sameAs":["https:\/\/facebook.com\/plansconstructionJMP"]}]}},"_links":{"self":[{"href":"https:\/\/plans-construction.fr\/index.php?rest_route=\/wp\/v2\/pages\/971","targetHints":{"allow":["GET"]}}],"collection":[{"href":"https:\/\/plans-construction.fr\/index.php?rest_route=\/wp\/v2\/pages"}],"about":[{"href":"https:\/\/plans-construction.fr\/index.php?rest_route=\/wp\/v2\/types\/page"}],"author":[{"embeddable":true,"href":"https:\/\/plans-construction.fr\/index.php?rest_route=\/wp\/v2\/users\/6"}],"replies":[{"embeddable":true,"href":"https:\/\/plans-construction.fr\/index.php?rest_route=%2Fwp%2Fv2%2Fcomments&post=971"}],"version-history":[{"count":7,"href":"https:\/\/plans-construction.fr\/index.php?rest_route=\/wp\/v2\/pages\/971\/revisions"}],"predecessor-version":[{"id":981,"href":"https:\/\/plans-construction.fr\/index.php?rest_route=\/wp\/v2\/pages\/971\/revisions\/981"}],"wp:attachment":[{"href":"https:\/\/plans-construction.fr\/index.php?rest_route=%2Fwp%2Fv2%2Fmedia&parent=971"}],"curies":[{"name":"wp","href":"https:\/\/api.w.org\/{rel}","templated":true}]}}