{"id":925,"date":"2026-01-15T22:07:16","date_gmt":"2026-01-15T21:07:16","guid":{"rendered":"https:\/\/plans-construction.fr\/?page_id=925"},"modified":"2026-02-26T11:44:33","modified_gmt":"2026-02-26T10:44:33","slug":"contact-plans-construction","status":"publish","type":"page","link":"https:\/\/plans-construction.fr\/?page_id=925","title":{"rendered":"Contact Plans Construction"},"content":{"rendered":"\t\t<div data-elementor-type=\"wp-page\" data-elementor-id=\"925\" class=\"elementor elementor-925\" data-elementor-post-type=\"page\">\n\t\t\t\t<div class=\"elementor-element elementor-element-ad9bdb8 e-flex e-con-boxed e-con e-parent\" data-id=\"ad9bdb8\" data-element_type=\"container\" data-e-type=\"container\" data-settings=\"{&quot;background_background&quot;:&quot;classic&quot;}\">\n\t\t\t\t\t<div class=\"e-con-inner\">\n\t\t\t\t<div class=\"elementor-element elementor-element-f12f389 elementor-widget elementor-widget-heading\" data-id=\"f12f389\" data-element_type=\"widget\" data-e-type=\"widget\" data-widget_type=\"heading.default\">\n\t\t\t\t<div class=\"elementor-widget-container\">\n\t\t\t\t\t<h1 class=\"elementor-heading-title elementor-size-default\">Parlons de votre projet<\/h1>\t\t\t\t<\/div>\n\t\t\t\t<\/div>\n\t\t\t\t<div class=\"elementor-element elementor-element-8ea2a49 elementor-widget elementor-widget-text-editor\" data-id=\"8ea2a49\" data-element_type=\"widget\" data-e-type=\"widget\" data-widget_type=\"text-editor.default\">\n\t\t\t\t<div class=\"elementor-widget-container\">\n\t\t\t\t\t\t\t\t\t<p>Un premier \u00e9change gratuit et sans engagement<\/p>\t\t\t\t\t\t\t\t<\/div>\n\t\t\t\t<\/div>\n\t\t\t\t\t<\/div>\n\t\t\t\t<\/div>\n\t\t<div class=\"elementor-element elementor-element-720a9c9 e-flex e-con-boxed e-con e-parent\" data-id=\"720a9c9\" data-element_type=\"container\" data-e-type=\"container\">\n\t\t\t\t\t<div class=\"e-con-inner\">\n\t\t<div class=\"elementor-element elementor-element-caaa8e1 e-con-full e-flex e-con e-child\" data-id=\"caaa8e1\" data-element_type=\"container\" data-e-type=\"container\">\n\t\t\t\t<div class=\"elementor-element elementor-element-c213873 elementor-widget elementor-widget-heading\" data-id=\"c213873\" data-element_type=\"widget\" data-e-type=\"widget\" data-widget_type=\"heading.default\">\n\t\t\t\t<div class=\"elementor-widget-container\">\n\t\t\t\t\t<p class=\"elementor-heading-title elementor-size-default\">Formulaire de contact<\/p>\t\t\t\t<\/div>\n\t\t\t\t<\/div>\n\t\t\t\t<div class=\"elementor-element elementor-element-59f0759 elementor-button-align-stretch elementor-widget elementor-widget-form\" data-id=\"59f0759\" data-element_type=\"widget\" data-e-type=\"widget\" data-settings=\"{&quot;step_next_label&quot;:&quot;Suivant&quot;,&quot;step_previous_label&quot;:&quot;Pr\\u00e9c\\u00e9dent&quot;,&quot;button_width&quot;:&quot;100&quot;,&quot;step_type&quot;:&quot;number_text&quot;,&quot;step_icon_shape&quot;:&quot;circle&quot;}\" data-widget_type=\"form.default\">\n\t\t\t\t<div class=\"elementor-widget-container\">\n\t\t\t\t\t\t\t<form class=\"elementor-form\" method=\"post\" name=\"Prise de contact\">\n\t\t\t<input type=\"hidden\" name=\"post_id\" value=\"925\"\/>\n\t\t\t<input type=\"hidden\" name=\"form_id\" value=\"59f0759\"\/>\n\t\t\t<input type=\"hidden\" name=\"referer_title\" value=\"Plans Construction de maison \u00e0 Lorient\" \/>\n\n\t\t\t\t\t\t\t<input type=\"hidden\" name=\"queried_id\" value=\"925\"\/>\n\t\t\t\n\t\t\t<div class=\"elementor-form-fields-wrapper elementor-labels-above\">\n\t\t\t\t\t\t\t\t<div class=\"elementor-field-type-text elementor-field-group elementor-column elementor-field-group-name elementor-col-50\">\n\t\t\t\t\t\t\t\t\t\t\t\t<label for=\"form-field-name\" class=\"elementor-field-label\">\n\t\t\t\t\t\t\t\tPr\u00e9nom\t\t\t\t\t\t\t<\/label>\n\t\t\t\t\t\t\t\t\t\t\t\t\t\t<input size=\"1\" type=\"text\" name=\"form_fields[name]\" id=\"form-field-name\" class=\"elementor-field elementor-size-sm  elementor-field-textual\">\n\t\t\t\t\t\t\t\t\t\t\t<\/div>\n\t\t\t\t\t\t\t\t<div class=\"elementor-field-type-text elementor-field-group elementor-column elementor-field-group-field_1aba954 elementor-col-50\">\n\t\t\t\t\t\t\t\t\t\t\t\t<label for=\"form-field-field_1aba954\" class=\"elementor-field-label\">\n\t\t\t\t\t\t\t\tNom\t\t\t\t\t\t\t<\/label>\n\t\t\t\t\t\t\t\t\t\t\t\t\t\t<input size=\"1\" type=\"text\" name=\"form_fields[field_1aba954]\" id=\"form-field-field_1aba954\" class=\"elementor-field elementor-size-sm  elementor-field-textual\">\n\t\t\t\t\t\t\t\t\t\t\t<\/div>\n\t\t\t\t\t\t\t\t<div class=\"elementor-field-type-email elementor-field-group elementor-column elementor-field-group-email elementor-col-50 elementor-field-required elementor-mark-required\">\n\t\t\t\t\t\t\t\t\t\t\t\t<label for=\"form-field-email\" class=\"elementor-field-label\">\n\t\t\t\t\t\t\t\tE-mail\t\t\t\t\t\t\t<\/label>\n\t\t\t\t\t\t\t\t\t\t\t\t\t\t<input size=\"1\" type=\"email\" name=\"form_fields[email]\" id=\"form-field-email\" class=\"elementor-field elementor-size-sm  elementor-field-textual\" required=\"required\">\n\t\t\t\t\t\t\t\t\t\t\t<\/div>\n\t\t\t\t\t\t\t\t<div class=\"elementor-field-type-tel elementor-field-group elementor-column elementor-field-group-field_a031313 elementor-col-50 elementor-field-required elementor-mark-required\">\n\t\t\t\t\t\t\t\t\t\t\t\t<label for=\"form-field-field_a031313\" class=\"elementor-field-label\">\n\t\t\t\t\t\t\t\tT\u00e9l\u00e9phone\t\t\t\t\t\t\t<\/label>\n\t\t\t\t\t\t\t\t<input size=\"1\" type=\"tel\" name=\"form_fields[field_a031313]\" id=\"form-field-field_a031313\" class=\"elementor-field elementor-size-sm  elementor-field-textual\" required=\"required\" pattern=\"[0-9()#&amp;+*-=.]+\" title=\"Seuls les caract\u00e8res de num\u00e9ros de t\u00e9l\u00e9phone (#, -, *, etc.) sont accept\u00e9s.\">\n\n\t\t\t\t\t\t<\/div>\n\t\t\t\t\t\t\t\t<div class=\"elementor-field-type-checkbox elementor-field-group elementor-column elementor-field-group-field_4f8777e elementor-col-100\">\n\t\t\t\t\t\t\t\t\t\t\t\t<label for=\"form-field-field_4f8777e\" class=\"elementor-field-label\">\n\t\t\t\t\t\t\t\tType de projet souhait\u00e9\t\t\t\t\t\t\t<\/label>\n\t\t\t\t\t\t<div class=\"elementor-field-subgroup  \"><span class=\"elementor-field-option\"><input type=\"checkbox\" value=\"Construction de maison neuve\" id=\"form-field-field_4f8777e-0\" name=\"form_fields[field_4f8777e][]\"> <label for=\"form-field-field_4f8777e-0\">Construction de maison neuve<\/label><\/span><span class=\"elementor-field-option\"><input type=\"checkbox\" value=\"Extension de maison\" id=\"form-field-field_4f8777e-1\" name=\"form_fields[field_4f8777e][]\"> <label for=\"form-field-field_4f8777e-1\">Extension de maison<\/label><\/span><span class=\"elementor-field-option\"><input type=\"checkbox\" value=\"R\u00e9novation\" id=\"form-field-field_4f8777e-2\" name=\"form_fields[field_4f8777e][]\"> <label for=\"form-field-field_4f8777e-2\">R\u00e9novation<\/label><\/span><span class=\"elementor-field-option\"><input type=\"checkbox\" value=\"Plans pour vente\/location\" id=\"form-field-field_4f8777e-3\" name=\"form_fields[field_4f8777e][]\"> <label for=\"form-field-field_4f8777e-3\">Plans pour vente\/location<\/label><\/span><span class=\"elementor-field-option\"><input type=\"checkbox\" value=\"Projet commercial\" id=\"form-field-field_4f8777e-4\" name=\"form_fields[field_4f8777e][]\"> <label for=\"form-field-field_4f8777e-4\">Projet commercial<\/label><\/span><span class=\"elementor-field-option\"><input type=\"checkbox\" value=\"Autre\" id=\"form-field-field_4f8777e-5\" name=\"form_fields[field_4f8777e][]\"> <label for=\"form-field-field_4f8777e-5\">Autre<\/label><\/span><\/div>\t\t\t\t<\/div>\n\t\t\t\t\t\t\t\t<div class=\"elementor-field-type-textarea elementor-field-group elementor-column elementor-field-group-message elementor-col-100\">\n\t\t\t\t\t\t\t\t\t\t\t\t<label for=\"form-field-message\" class=\"elementor-field-label\">\n\t\t\t\t\t\t\t\tMessage\t\t\t\t\t\t\t<\/label>\n\t\t\t\t\t\t<textarea class=\"elementor-field-textual elementor-field  elementor-size-sm\" name=\"form_fields[message]\" id=\"form-field-message\" rows=\"3\"><\/textarea>\t\t\t\t<\/div>\n\t\t\t\t\t\t\t\t<div class=\"elementor-field-type-acceptance elementor-field-group elementor-column elementor-field-group-field_ccc7f84 elementor-col-100 elementor-field-required elementor-mark-required\">\n\t\t\t\t\t\t\t\t\t\t\t\t<label for=\"form-field-field_ccc7f84\" class=\"elementor-field-label\">\n\t\t\t\t\t\t\t\tMessage\t\t\t\t\t\t\t<\/label>\n\t\t\t\t\t\t\t\t<div class=\"elementor-field-subgroup\">\n\t\t\t<span class=\"elementor-field-option\">\n\t\t\t\t<input type=\"checkbox\" name=\"form_fields[field_ccc7f84]\" id=\"form-field-field_ccc7f84\" class=\"elementor-field elementor-size-sm  elementor-acceptance-field\" required=\"required\">\n\t\t\t\t<label for=\"form-field-field_ccc7f84\">J'accepte d'\u00eatre contact\u00e9 par Plans-Construction concernant ma demande.<\/label>\t\t\t<\/span>\n\t\t<\/div>\n\t\t\t\t\t\t<\/div>\n\t\t\t\t\t\t\t\t<div class=\"elementor-field-group elementor-column elementor-field-type-submit elementor-col-100 e-form__buttons\">\n\t\t\t\t\t<button class=\"elementor-button elementor-size-sm\" type=\"submit\">\n\t\t\t\t\t\t<span class=\"elementor-button-content-wrapper\">\n\t\t\t\t\t\t\t\t\t\t\t\t\t\t\t\t\t\t\t\t\t\t<span class=\"elementor-button-text\">Envoyer ma demande<\/span>\n\t\t\t\t\t\t\t\t\t\t\t\t\t<\/span>\n\t\t\t\t\t<\/button>\n\t\t\t\t<\/div>\n\t\t\t<\/div>\n\t\t<\/form>\n\t\t\t\t\t\t<\/div>\n\t\t\t\t<\/div>\n\t\t\t\t<\/div>\n\t\t<div class=\"elementor-element elementor-element-f059709 e-con-full e-flex e-con e-child\" data-id=\"f059709\" data-element_type=\"container\" data-e-type=\"container\">\n\t\t\t\t<div class=\"elementor-element elementor-element-45ac54e elementor-icon-list--layout-traditional elementor-list-item-link-full_width elementor-widget elementor-widget-icon-list\" data-id=\"45ac54e\" data-element_type=\"widget\" data-e-type=\"widget\" data-settings=\"{&quot;sticky&quot;:&quot;top&quot;,&quot;sticky_offset&quot;:150,&quot;sticky_effects_offset&quot;:150,&quot;sticky_parent&quot;:&quot;yes&quot;,&quot;sticky_on&quot;:[&quot;desktop&quot;,&quot;tablet&quot;,&quot;mobile&quot;],&quot;sticky_anchor_link_offset&quot;:0}\" data-widget_type=\"icon-list.default\">\n\t\t\t\t<div class=\"elementor-widget-container\">\n\t\t\t\t\t\t\t<ul class=\"elementor-icon-list-items\">\n\t\t\t\t\t\t\t<li class=\"elementor-icon-list-item\">\n\t\t\t\t\t\t\t\t\t\t\t<span class=\"elementor-icon-list-icon\">\n\t\t\t\t\t\t\t<svg xmlns=\"http:\/\/www.w3.org\/2000\/svg\" id=\"Calque_1\" data-name=\"Calque 1\" viewBox=\"0 0 512 512\"><polygon points=\"1.05 255.05 1.05 510 510.95 510 510.95 257.95 253.1 3 1.05 255.05\"><\/polygon><\/svg>\t\t\t\t\t\t<\/span>\n\t\t\t\t\t\t\t\t\t\t<span class=\"elementor-icon-list-text\">Plans Construction<\/span>\n\t\t\t\t\t\t\t\t\t<\/li>\n\t\t\t\t\t\t\t\t<li class=\"elementor-icon-list-item\">\n\t\t\t\t\t\t\t\t\t\t\t<span class=\"elementor-icon-list-icon\">\n\t\t\t\t\t\t\t<svg aria-hidden=\"true\" class=\"e-font-icon-svg e-fas-map-marker-alt\" viewBox=\"0 0 384 512\" xmlns=\"http:\/\/www.w3.org\/2000\/svg\"><path d=\"M172.268 501.67C26.97 291.031 0 269.413 0 192 0 85.961 85.961 0 192 0s192 85.961 192 192c0 77.413-26.97 99.031-172.268 309.67-9.535 13.774-29.93 13.773-39.464 0zM192 272c44.183 0 80-35.817 80-80s-35.817-80-80-80-80 35.817-80 80 35.817 80 80 80z\"><\/path><\/svg>\t\t\t\t\t\t<\/span>\n\t\t\t\t\t\t\t\t\t\t<span class=\"elementor-icon-list-text\">3 Les Cinq Chemins <br>56520 GUIDEL<\/span>\n\t\t\t\t\t\t\t\t\t<\/li>\n\t\t\t\t\t\t\t\t<li class=\"elementor-icon-list-item\">\n\t\t\t\t\t\t\t\t\t\t\t<span class=\"elementor-icon-list-icon\">\n\t\t\t\t\t\t\t<svg aria-hidden=\"true\" class=\"e-font-icon-svg e-fas-phone-alt\" viewBox=\"0 0 512 512\" xmlns=\"http:\/\/www.w3.org\/2000\/svg\"><path d=\"M497.39 361.8l-112-48a24 24 0 0 0-28 6.9l-49.6 60.6A370.66 370.66 0 0 1 130.6 204.11l60.6-49.6a23.94 23.94 0 0 0 6.9-28l-48-112A24.16 24.16 0 0 0 122.6.61l-104 24A24 24 0 0 0 0 48c0 256.5 207.9 464 464 464a24 24 0 0 0 23.4-18.6l24-104a24.29 24.29 0 0 0-14.01-27.6z\"><\/path><\/svg>\t\t\t\t\t\t<\/span>\n\t\t\t\t\t\t\t\t\t\t<span class=\"elementor-icon-list-text\">02 97 84 48 29<\/span>\n\t\t\t\t\t\t\t\t\t<\/li>\n\t\t\t\t\t\t\t\t<li class=\"elementor-icon-list-item\">\n\t\t\t\t\t\t\t\t\t\t\t<a href=\"mailto:jeanmarc@plans-construction.fr\">\n\n\t\t\t\t\t\t\t\t\t\t\t\t<span class=\"elementor-icon-list-icon\">\n\t\t\t\t\t\t\t<svg aria-hidden=\"true\" class=\"e-font-icon-svg e-fas-envelope\" viewBox=\"0 0 512 512\" xmlns=\"http:\/\/www.w3.org\/2000\/svg\"><path d=\"M502.3 190.8c3.9-3.1 9.7-.2 9.7 4.7V400c0 26.5-21.5 48-48 48H48c-26.5 0-48-21.5-48-48V195.6c0-5 5.7-7.8 9.7-4.7 22.4 17.4 52.1 39.5 154.1 113.6 21.1 15.4 56.7 47.8 92.2 47.6 35.7.3 72-32.8 92.3-47.6 102-74.1 131.6-96.3 154-113.7zM256 320c23.2.4 56.6-29.2 73.4-41.4 132.7-96.3 142.8-104.7 173.4-128.7 5.8-4.5 9.2-11.5 9.2-18.9v-19c0-26.5-21.5-48-48-48H48C21.5 64 0 85.5 0 112v19c0 7.4 3.4 14.3 9.2 18.9 30.6 23.9 40.7 32.4 173.4 128.7 16.8 12.2 50.2 41.8 73.4 41.4z\"><\/path><\/svg>\t\t\t\t\t\t<\/span>\n\t\t\t\t\t\t\t\t\t\t<span class=\"elementor-icon-list-text\">jeanmarc@plans-construction.fr<\/span>\n\t\t\t\t\t\t\t\t\t\t\t<\/a>\n\t\t\t\t\t\t\t\t\t<\/li>\n\t\t\t\t\t\t<\/ul>\n\t\t\t\t\t\t<\/div>\n\t\t\t\t<\/div>\n\t\t\t\t<\/div>\n\t\t\t\t\t<\/div>\n\t\t\t\t<\/div>\n\t\t<div class=\"elementor-element elementor-element-991f552 e-con-full e-flex e-con e-parent\" data-id=\"991f552\" data-element_type=\"container\" data-e-type=\"container\">\n\t\t\t\t<div class=\"elementor-element elementor-element-be8758b elementor-widget elementor-widget-google_maps\" data-id=\"be8758b\" data-element_type=\"widget\" data-e-type=\"widget\" data-widget_type=\"google_maps.default\">\n\t\t\t\t<div class=\"elementor-widget-container\">\n\t\t\t\t\t\t\t<div class=\"elementor-custom-embed\">\n\t\t\t<iframe loading=\"lazy\"\n\t\t\t\t\tsrc=\"https:\/\/maps.google.com\/maps?q=Plans%20Construction%2C%203%20Les%20Cinq%20Chemins%2C%2056520%20GUIDEL&#038;t=m&#038;z=10&#038;output=embed&#038;iwloc=near\"\n\t\t\t\t\ttitle=\"Plans Construction, 3 Les Cinq Chemins, 56520 GUIDEL\"\n\t\t\t\t\taria-label=\"Plans Construction, 3 Les Cinq Chemins, 56520 GUIDEL\"\n\t\t\t><\/iframe>\n\t\t<\/div>\n\t\t\t\t\t\t<\/div>\n\t\t\t\t<\/div>\n\t\t\t\t<\/div>\n\t\t\t\t<\/div>\n\t\t","protected":false},"excerpt":{"rendered":"<p>Parlons de votre projet Un premier \u00e9change gratuit et sans engagement Formulaire de contact Plans Construction 3 Les Cinq Chemins 56520 GUIDEL 02 97 84 48 29 jeanmarc@plans-construction.fr<\/p>\n","protected":false},"author":6,"featured_media":0,"parent":0,"menu_order":0,"comment_status":"closed","ping_status":"closed","template":"elementor_header_footer","meta":{"footnotes":""},"class_list":["post-925","page","type-page","status-publish","hentry"],"yoast_head":"<!-- This site is optimized with the Yoast SEO plugin v27.0 - https:\/\/yoast.com\/product\/yoast-seo-wordpress\/ -->\n<title>Plans Construction de maison \u00e0 Lorient<\/title>\n<meta name=\"description\" content=\"Cr\u00e9ation de plans de construction pour maison \u00e0 Lorient - Morbihan. Projet de construction neuve ou r\u00e9novation de logement existant.\" \/>\n<meta name=\"robots\" content=\"index, follow, max-snippet:-1, max-image-preview:large, max-video-preview:-1\" \/>\n<link rel=\"canonical\" href=\"https:\/\/plans-construction.fr\/?page_id=925\" \/>\n<meta property=\"og:locale\" content=\"fr_FR\" \/>\n<meta property=\"og:type\" content=\"article\" \/>\n<meta property=\"og:title\" content=\"Plans Construction de maison \u00e0 Lorient\" \/>\n<meta property=\"og:description\" content=\"Cr\u00e9ation de plans de construction pour maison \u00e0 Lorient - Morbihan. Projet de construction neuve ou r\u00e9novation de logement existant.\" \/>\n<meta property=\"og:url\" content=\"https:\/\/plans-construction.fr\/?page_id=925\" \/>\n<meta property=\"og:site_name\" content=\"Plans construction\" \/>\n<meta property=\"article:publisher\" content=\"https:\/\/facebook.com\/plansconstructionJMP\" \/>\n<meta property=\"article:modified_time\" content=\"2026-02-26T10:44:33+00:00\" \/>\n<meta name=\"twitter:card\" content=\"summary_large_image\" \/>\n<meta name=\"twitter:label1\" content=\"Dur\u00e9e de lecture estim\u00e9e\" \/>\n\t<meta name=\"twitter:data1\" content=\"1 minute\" \/>\n<script type=\"application\/ld+json\" class=\"yoast-schema-graph\">{\"@context\":\"https:\/\/schema.org\",\"@graph\":[{\"@type\":\"WebPage\",\"@id\":\"https:\/\/plans-construction.fr\/?page_id=925\",\"url\":\"https:\/\/plans-construction.fr\/?page_id=925\",\"name\":\"Plans Construction de maison \u00e0 Lorient\",\"isPartOf\":{\"@id\":\"https:\/\/plans-construction.fr\/#website\"},\"datePublished\":\"2026-01-15T21:07:16+00:00\",\"dateModified\":\"2026-02-26T10:44:33+00:00\",\"description\":\"Cr\u00e9ation de plans de construction pour maison \u00e0 Lorient - Morbihan. Projet de construction neuve ou r\u00e9novation de logement existant.\",\"breadcrumb\":{\"@id\":\"https:\/\/plans-construction.fr\/?page_id=925#breadcrumb\"},\"inLanguage\":\"fr-FR\",\"potentialAction\":[{\"@type\":\"ReadAction\",\"target\":[\"https:\/\/plans-construction.fr\/?page_id=925\"]}]},{\"@type\":\"BreadcrumbList\",\"@id\":\"https:\/\/plans-construction.fr\/?page_id=925#breadcrumb\",\"itemListElement\":[{\"@type\":\"ListItem\",\"position\":1,\"name\":\"Accueil\",\"item\":\"https:\/\/plans-construction.fr\/\"},{\"@type\":\"ListItem\",\"position\":2,\"name\":\"Contact Plans Construction\"}]},{\"@type\":\"WebSite\",\"@id\":\"https:\/\/plans-construction.fr\/#website\",\"url\":\"https:\/\/plans-construction.fr\/\",\"name\":\"Plans construction\",\"description\":\"Vos plans d&#039;architecture sur mesure\",\"publisher\":{\"@id\":\"https:\/\/plans-construction.fr\/#organization\"},\"potentialAction\":[{\"@type\":\"SearchAction\",\"target\":{\"@type\":\"EntryPoint\",\"urlTemplate\":\"https:\/\/plans-construction.fr\/?s={search_term_string}\"},\"query-input\":{\"@type\":\"PropertyValueSpecification\",\"valueRequired\":true,\"valueName\":\"search_term_string\"}}],\"inLanguage\":\"fr-FR\"},{\"@type\":\"Organization\",\"@id\":\"https:\/\/plans-construction.fr\/#organization\",\"name\":\"Plans construction\",\"url\":\"https:\/\/plans-construction.fr\/\",\"logo\":{\"@type\":\"ImageObject\",\"inLanguage\":\"fr-FR\",\"@id\":\"https:\/\/plans-construction.fr\/#\/schema\/logo\/image\/\",\"url\":\"https:\/\/plans-construction.fr\/wp-content\/uploads\/2025\/01\/LOGO-adopte-2025-350pxl.png\",\"contentUrl\":\"https:\/\/plans-construction.fr\/wp-content\/uploads\/2025\/01\/LOGO-adopte-2025-350pxl.png\",\"width\":350,\"height\":350,\"caption\":\"Plans construction\"},\"image\":{\"@id\":\"https:\/\/plans-construction.fr\/#\/schema\/logo\/image\/\"},\"sameAs\":[\"https:\/\/facebook.com\/plansconstructionJMP\"]}]}<\/script>\n<!-- \/ Yoast SEO plugin. -->","yoast_head_json":{"title":"Plans Construction de maison \u00e0 Lorient","description":"Cr\u00e9ation de plans de construction pour maison \u00e0 Lorient - Morbihan. Projet de construction neuve ou r\u00e9novation de logement existant.","robots":{"index":"index","follow":"follow","max-snippet":"max-snippet:-1","max-image-preview":"max-image-preview:large","max-video-preview":"max-video-preview:-1"},"canonical":"https:\/\/plans-construction.fr\/?page_id=925","og_locale":"fr_FR","og_type":"article","og_title":"Plans Construction de maison \u00e0 Lorient","og_description":"Cr\u00e9ation de plans de construction pour maison \u00e0 Lorient - Morbihan. Projet de construction neuve ou r\u00e9novation de logement existant.","og_url":"https:\/\/plans-construction.fr\/?page_id=925","og_site_name":"Plans construction","article_publisher":"https:\/\/facebook.com\/plansconstructionJMP","article_modified_time":"2026-02-26T10:44:33+00:00","twitter_card":"summary_large_image","twitter_misc":{"Dur\u00e9e de lecture estim\u00e9e":"1 minute"},"schema":{"@context":"https:\/\/schema.org","@graph":[{"@type":"WebPage","@id":"https:\/\/plans-construction.fr\/?page_id=925","url":"https:\/\/plans-construction.fr\/?page_id=925","name":"Plans Construction de maison \u00e0 Lorient","isPartOf":{"@id":"https:\/\/plans-construction.fr\/#website"},"datePublished":"2026-01-15T21:07:16+00:00","dateModified":"2026-02-26T10:44:33+00:00","description":"Cr\u00e9ation de plans de construction pour maison \u00e0 Lorient - Morbihan. Projet de construction neuve ou r\u00e9novation de logement existant.","breadcrumb":{"@id":"https:\/\/plans-construction.fr\/?page_id=925#breadcrumb"},"inLanguage":"fr-FR","potentialAction":[{"@type":"ReadAction","target":["https:\/\/plans-construction.fr\/?page_id=925"]}]},{"@type":"BreadcrumbList","@id":"https:\/\/plans-construction.fr\/?page_id=925#breadcrumb","itemListElement":[{"@type":"ListItem","position":1,"name":"Accueil","item":"https:\/\/plans-construction.fr\/"},{"@type":"ListItem","position":2,"name":"Contact Plans Construction"}]},{"@type":"WebSite","@id":"https:\/\/plans-construction.fr\/#website","url":"https:\/\/plans-construction.fr\/","name":"Plans construction","description":"Vos plans d&#039;architecture sur mesure","publisher":{"@id":"https:\/\/plans-construction.fr\/#organization"},"potentialAction":[{"@type":"SearchAction","target":{"@type":"EntryPoint","urlTemplate":"https:\/\/plans-construction.fr\/?s={search_term_string}"},"query-input":{"@type":"PropertyValueSpecification","valueRequired":true,"valueName":"search_term_string"}}],"inLanguage":"fr-FR"},{"@type":"Organization","@id":"https:\/\/plans-construction.fr\/#organization","name":"Plans construction","url":"https:\/\/plans-construction.fr\/","logo":{"@type":"ImageObject","inLanguage":"fr-FR","@id":"https:\/\/plans-construction.fr\/#\/schema\/logo\/image\/","url":"https:\/\/plans-construction.fr\/wp-content\/uploads\/2025\/01\/LOGO-adopte-2025-350pxl.png","contentUrl":"https:\/\/plans-construction.fr\/wp-content\/uploads\/2025\/01\/LOGO-adopte-2025-350pxl.png","width":350,"height":350,"caption":"Plans construction"},"image":{"@id":"https:\/\/plans-construction.fr\/#\/schema\/logo\/image\/"},"sameAs":["https:\/\/facebook.com\/plansconstructionJMP"]}]}},"_links":{"self":[{"href":"https:\/\/plans-construction.fr\/index.php?rest_route=\/wp\/v2\/pages\/925","targetHints":{"allow":["GET"]}}],"collection":[{"href":"https:\/\/plans-construction.fr\/index.php?rest_route=\/wp\/v2\/pages"}],"about":[{"href":"https:\/\/plans-construction.fr\/index.php?rest_route=\/wp\/v2\/types\/page"}],"author":[{"embeddable":true,"href":"https:\/\/plans-construction.fr\/index.php?rest_route=\/wp\/v2\/users\/6"}],"replies":[{"embeddable":true,"href":"https:\/\/plans-construction.fr\/index.php?rest_route=%2Fwp%2Fv2%2Fcomments&post=925"}],"version-history":[{"count":22,"href":"https:\/\/plans-construction.fr\/index.php?rest_route=\/wp\/v2\/pages\/925\/revisions"}],"predecessor-version":[{"id":1001,"href":"https:\/\/plans-construction.fr\/index.php?rest_route=\/wp\/v2\/pages\/925\/revisions\/1001"}],"wp:attachment":[{"href":"https:\/\/plans-construction.fr\/index.php?rest_route=%2Fwp%2Fv2%2Fmedia&parent=925"}],"curies":[{"name":"wp","href":"https:\/\/api.w.org\/{rel}","templated":true}]}}