{"id":600,"date":"2025-02-22T12:03:02","date_gmt":"2025-02-22T11:03:02","guid":{"rendered":"https:\/\/plans-construction.fr\/?page_id=600"},"modified":"2026-02-16T21:05:27","modified_gmt":"2026-02-16T20:05:27","slug":"mentions-legales","status":"publish","type":"page","link":"https:\/\/plans-construction.fr\/?page_id=600","title":{"rendered":"Mentions L\u00e9gales"},"content":{"rendered":"\t\t<div data-elementor-type=\"wp-page\" data-elementor-id=\"600\" class=\"elementor elementor-600\" data-elementor-post-type=\"page\">\n\t\t\t\t<div class=\"elementor-element elementor-element-a965407 e-flex e-con-boxed e-con e-parent\" data-id=\"a965407\" data-element_type=\"container\" data-e-type=\"container\">\n\t\t\t\t\t<div class=\"e-con-inner\">\n\t\t\t\t<div class=\"elementor-element elementor-element-7c3d500 elementor-widget elementor-widget-heading\" data-id=\"7c3d500\" data-element_type=\"widget\" data-e-type=\"widget\" data-widget_type=\"heading.default\">\n\t\t\t\t<div class=\"elementor-widget-container\">\n\t\t\t\t\t<h2 class=\"elementor-heading-title elementor-size-default\">Mentions L\u00e9gales<\/h2>\t\t\t\t<\/div>\n\t\t\t\t<\/div>\n\t\t\t\t<div class=\"elementor-element elementor-element-3787d9d elementor-widget elementor-widget-text-editor\" data-id=\"3787d9d\" data-element_type=\"widget\" data-e-type=\"widget\" data-widget_type=\"text-editor.default\">\n\t\t\t\t<div class=\"elementor-widget-container\">\n\t\t\t\t\t\t\t\t\t<p class=\"p1\">Conform\u00e9ment aux dispositions de la loi n\u00b0 2004-575 du 21 juin 2004 pour la confiance en l\u2019\u00e9conomie num\u00e9rique, il est pr\u00e9cis\u00e9 aux utilisateurs du site <a href=\"https:\/\/plans-construction.fr\/\"><span class=\"s1\">https:\/\/plans-construction.fr\/<\/span><\/a> l\u2019identit\u00e9 des diff\u00e9rents intervenants dans le cadre de sa r\u00e9alisation et de son suivi.<\/p><p class=\"p1\"><strong>\u00c9dition du site\u00a0:<\/strong> <br \/>Le pr\u00e9sent site, accessible \u00e0 l\u2019URL\u00a0https:\/\/plans-construction.fr\/, est \u00e9dit\u00e9 par la EI Jean-Marc PIMPEC, de nationalit\u00e9 Fran\u00e7aise, n\u00e9 en 1976,\u00a0Le num\u00e9ro individuel TVA de l\u2019\u00e9diteur est FR17493564843<\/p><p class=\"p1\"><strong>H\u00e9bergement\u00a0:<br \/><\/strong>Le Site est h\u00e9berg\u00e9 par la soci\u00e9t\u00e9 OVH, situ\u00e9 2 rue Kellermann &#8211; 59100 Roubaix \u2013 France. Contact t\u00e9l\u00e9phonique ou email : +33 9 72 10 10 07<\/p><p class=\"p1\"><strong>Directeur de publication\u00a0:<\/strong><br \/>Le Directeur de la publication du Site est Jean-Marc PIMPEC.<\/p><p class=\"p1\"><strong>Nous contacter\u00a0:<\/strong><br \/>Par t\u00e9l\u00e9phone : +33 297844829<\/p><p class=\"p1\"><strong>Par email\u00a0:\u00a0<\/strong><br \/>contact@plans-construction.fr<\/p><p class=\"p1\"><strong>Par courrier\u00a0:<\/strong> <br \/>3, les 5 chemins, 56520 GUIDEL, FRANCE<\/p><p class=\"p1\"><strong>Donn\u00e9es personnelles\u00a0:<\/strong><br \/>Le traitement de vos donn\u00e9es \u00e0 caract\u00e8re personnel est r\u00e9gi par notre charte du respect de la vie priv\u00e9e, disponible depuis la section \u00ab\u00a0Charte de Protection des Donn\u00e9es Personnelles\u00a0\u00bb, conform\u00e9ment au R\u00e8glement G\u00e9n\u00e9ral sur la Protection des Donn\u00e9es 2016\/679 du 27 avril 2016 (\u00abRGPD\u00bb).<\/p><p class=\"p1\"><strong>Cr\u00e9ation du site :<\/strong><br \/>Site cr\u00e9\u00e9 avec l&rsquo;aide de Rapha\u00eblle Moreau | www.raphiste.com<\/p>\t\t\t\t\t\t\t\t<\/div>\n\t\t\t\t<\/div>\n\t\t\t\t\t<\/div>\n\t\t\t\t<\/div>\n\t\t\t\t<\/div>\n\t\t","protected":false},"excerpt":{"rendered":"<p>Mentions L\u00e9gales Conform\u00e9ment aux dispositions de la loi n\u00b0 2004-575 du 21 juin 2004 pour la confiance en l\u2019\u00e9conomie num\u00e9rique, il est pr\u00e9cis\u00e9 aux utilisateurs du site https:\/\/plans-construction.fr\/ l\u2019identit\u00e9 des diff\u00e9rents intervenants dans le cadre de sa r\u00e9alisation et de son suivi. \u00c9dition du site\u00a0: Le pr\u00e9sent site, accessible \u00e0 l\u2019URL\u00a0https:\/\/plans-construction.fr\/, est \u00e9dit\u00e9 par la [&hellip;]<\/p>\n","protected":false},"author":4,"featured_media":0,"parent":0,"menu_order":0,"comment_status":"closed","ping_status":"closed","template":"elementor_header_footer","meta":{"footnotes":""},"class_list":["post-600","page","type-page","status-publish","hentry"],"yoast_head":"<!-- This site is optimized with the Yoast SEO plugin v27.0 - https:\/\/yoast.com\/product\/yoast-seo-wordpress\/ -->\n<title>Mentions L\u00e9gales - Plans construction<\/title>\n<meta name=\"robots\" content=\"index, follow, max-snippet:-1, max-image-preview:large, max-video-preview:-1\" \/>\n<link rel=\"canonical\" href=\"https:\/\/plans-construction.fr\/?page_id=600\" \/>\n<meta property=\"og:locale\" content=\"fr_FR\" \/>\n<meta property=\"og:type\" content=\"article\" \/>\n<meta property=\"og:title\" content=\"Mentions L\u00e9gales - Plans construction\" \/>\n<meta property=\"og:description\" content=\"Mentions L\u00e9gales Conform\u00e9ment aux dispositions de la loi n\u00b0 2004-575 du 21 juin 2004 pour la confiance en l\u2019\u00e9conomie num\u00e9rique, il est pr\u00e9cis\u00e9 aux utilisateurs du site https:\/\/plans-construction.fr\/ l\u2019identit\u00e9 des diff\u00e9rents intervenants dans le cadre de sa r\u00e9alisation et de son suivi. \u00c9dition du site\u00a0: Le pr\u00e9sent site, accessible \u00e0 l\u2019URL\u00a0https:\/\/plans-construction.fr\/, est \u00e9dit\u00e9 par la [&hellip;]\" \/>\n<meta property=\"og:url\" content=\"https:\/\/plans-construction.fr\/?page_id=600\" \/>\n<meta property=\"og:site_name\" content=\"Plans construction\" \/>\n<meta property=\"article:publisher\" content=\"https:\/\/facebook.com\/plansconstructionJMP\" \/>\n<meta property=\"article:modified_time\" content=\"2026-02-16T20:05:27+00:00\" \/>\n<meta name=\"twitter:card\" content=\"summary_large_image\" \/>\n<meta name=\"twitter:label1\" content=\"Dur\u00e9e de lecture estim\u00e9e\" \/>\n\t<meta name=\"twitter:data1\" content=\"1 minute\" \/>\n<script type=\"application\/ld+json\" class=\"yoast-schema-graph\">{\"@context\":\"https:\/\/schema.org\",\"@graph\":[{\"@type\":\"WebPage\",\"@id\":\"https:\/\/plans-construction.fr\/?page_id=600\",\"url\":\"https:\/\/plans-construction.fr\/?page_id=600\",\"name\":\"Mentions L\u00e9gales - Plans construction\",\"isPartOf\":{\"@id\":\"https:\/\/plans-construction.fr\/#website\"},\"datePublished\":\"2025-02-22T11:03:02+00:00\",\"dateModified\":\"2026-02-16T20:05:27+00:00\",\"breadcrumb\":{\"@id\":\"https:\/\/plans-construction.fr\/?page_id=600#breadcrumb\"},\"inLanguage\":\"fr-FR\",\"potentialAction\":[{\"@type\":\"ReadAction\",\"target\":[\"https:\/\/plans-construction.fr\/?page_id=600\"]}]},{\"@type\":\"BreadcrumbList\",\"@id\":\"https:\/\/plans-construction.fr\/?page_id=600#breadcrumb\",\"itemListElement\":[{\"@type\":\"ListItem\",\"position\":1,\"name\":\"Accueil\",\"item\":\"https:\/\/plans-construction.fr\/\"},{\"@type\":\"ListItem\",\"position\":2,\"name\":\"Mentions L\u00e9gales\"}]},{\"@type\":\"WebSite\",\"@id\":\"https:\/\/plans-construction.fr\/#website\",\"url\":\"https:\/\/plans-construction.fr\/\",\"name\":\"Plans construction\",\"description\":\"Vos plans d&#039;architecture sur mesure\",\"publisher\":{\"@id\":\"https:\/\/plans-construction.fr\/#organization\"},\"potentialAction\":[{\"@type\":\"SearchAction\",\"target\":{\"@type\":\"EntryPoint\",\"urlTemplate\":\"https:\/\/plans-construction.fr\/?s={search_term_string}\"},\"query-input\":{\"@type\":\"PropertyValueSpecification\",\"valueRequired\":true,\"valueName\":\"search_term_string\"}}],\"inLanguage\":\"fr-FR\"},{\"@type\":\"Organization\",\"@id\":\"https:\/\/plans-construction.fr\/#organization\",\"name\":\"Plans construction\",\"url\":\"https:\/\/plans-construction.fr\/\",\"logo\":{\"@type\":\"ImageObject\",\"inLanguage\":\"fr-FR\",\"@id\":\"https:\/\/plans-construction.fr\/#\/schema\/logo\/image\/\",\"url\":\"https:\/\/plans-construction.fr\/wp-content\/uploads\/2025\/01\/LOGO-adopte-2025-350pxl.png\",\"contentUrl\":\"https:\/\/plans-construction.fr\/wp-content\/uploads\/2025\/01\/LOGO-adopte-2025-350pxl.png\",\"width\":350,\"height\":350,\"caption\":\"Plans construction\"},\"image\":{\"@id\":\"https:\/\/plans-construction.fr\/#\/schema\/logo\/image\/\"},\"sameAs\":[\"https:\/\/facebook.com\/plansconstructionJMP\"]}]}<\/script>\n<!-- \/ Yoast SEO plugin. -->","yoast_head_json":{"title":"Mentions L\u00e9gales - Plans construction","robots":{"index":"index","follow":"follow","max-snippet":"max-snippet:-1","max-image-preview":"max-image-preview:large","max-video-preview":"max-video-preview:-1"},"canonical":"https:\/\/plans-construction.fr\/?page_id=600","og_locale":"fr_FR","og_type":"article","og_title":"Mentions L\u00e9gales - Plans construction","og_description":"Mentions L\u00e9gales Conform\u00e9ment aux dispositions de la loi n\u00b0 2004-575 du 21 juin 2004 pour la confiance en l\u2019\u00e9conomie num\u00e9rique, il est pr\u00e9cis\u00e9 aux utilisateurs du site https:\/\/plans-construction.fr\/ l\u2019identit\u00e9 des diff\u00e9rents intervenants dans le cadre de sa r\u00e9alisation et de son suivi. \u00c9dition du site\u00a0: Le pr\u00e9sent site, accessible \u00e0 l\u2019URL\u00a0https:\/\/plans-construction.fr\/, est \u00e9dit\u00e9 par la [&hellip;]","og_url":"https:\/\/plans-construction.fr\/?page_id=600","og_site_name":"Plans construction","article_publisher":"https:\/\/facebook.com\/plansconstructionJMP","article_modified_time":"2026-02-16T20:05:27+00:00","twitter_card":"summary_large_image","twitter_misc":{"Dur\u00e9e de lecture estim\u00e9e":"1 minute"},"schema":{"@context":"https:\/\/schema.org","@graph":[{"@type":"WebPage","@id":"https:\/\/plans-construction.fr\/?page_id=600","url":"https:\/\/plans-construction.fr\/?page_id=600","name":"Mentions L\u00e9gales - Plans construction","isPartOf":{"@id":"https:\/\/plans-construction.fr\/#website"},"datePublished":"2025-02-22T11:03:02+00:00","dateModified":"2026-02-16T20:05:27+00:00","breadcrumb":{"@id":"https:\/\/plans-construction.fr\/?page_id=600#breadcrumb"},"inLanguage":"fr-FR","potentialAction":[{"@type":"ReadAction","target":["https:\/\/plans-construction.fr\/?page_id=600"]}]},{"@type":"BreadcrumbList","@id":"https:\/\/plans-construction.fr\/?page_id=600#breadcrumb","itemListElement":[{"@type":"ListItem","position":1,"name":"Accueil","item":"https:\/\/plans-construction.fr\/"},{"@type":"ListItem","position":2,"name":"Mentions L\u00e9gales"}]},{"@type":"WebSite","@id":"https:\/\/plans-construction.fr\/#website","url":"https:\/\/plans-construction.fr\/","name":"Plans construction","description":"Vos plans d&#039;architecture sur mesure","publisher":{"@id":"https:\/\/plans-construction.fr\/#organization"},"potentialAction":[{"@type":"SearchAction","target":{"@type":"EntryPoint","urlTemplate":"https:\/\/plans-construction.fr\/?s={search_term_string}"},"query-input":{"@type":"PropertyValueSpecification","valueRequired":true,"valueName":"search_term_string"}}],"inLanguage":"fr-FR"},{"@type":"Organization","@id":"https:\/\/plans-construction.fr\/#organization","name":"Plans construction","url":"https:\/\/plans-construction.fr\/","logo":{"@type":"ImageObject","inLanguage":"fr-FR","@id":"https:\/\/plans-construction.fr\/#\/schema\/logo\/image\/","url":"https:\/\/plans-construction.fr\/wp-content\/uploads\/2025\/01\/LOGO-adopte-2025-350pxl.png","contentUrl":"https:\/\/plans-construction.fr\/wp-content\/uploads\/2025\/01\/LOGO-adopte-2025-350pxl.png","width":350,"height":350,"caption":"Plans construction"},"image":{"@id":"https:\/\/plans-construction.fr\/#\/schema\/logo\/image\/"},"sameAs":["https:\/\/facebook.com\/plansconstructionJMP"]}]}},"_links":{"self":[{"href":"https:\/\/plans-construction.fr\/index.php?rest_route=\/wp\/v2\/pages\/600","targetHints":{"allow":["GET"]}}],"collection":[{"href":"https:\/\/plans-construction.fr\/index.php?rest_route=\/wp\/v2\/pages"}],"about":[{"href":"https:\/\/plans-construction.fr\/index.php?rest_route=\/wp\/v2\/types\/page"}],"author":[{"embeddable":true,"href":"https:\/\/plans-construction.fr\/index.php?rest_route=\/wp\/v2\/users\/4"}],"replies":[{"embeddable":true,"href":"https:\/\/plans-construction.fr\/index.php?rest_route=%2Fwp%2Fv2%2Fcomments&post=600"}],"version-history":[{"count":20,"href":"https:\/\/plans-construction.fr\/index.php?rest_route=\/wp\/v2\/pages\/600\/revisions"}],"predecessor-version":[{"id":970,"href":"https:\/\/plans-construction.fr\/index.php?rest_route=\/wp\/v2\/pages\/600\/revisions\/970"}],"wp:attachment":[{"href":"https:\/\/plans-construction.fr\/index.php?rest_route=%2Fwp%2Fv2%2Fmedia&parent=600"}],"curies":[{"name":"wp","href":"https:\/\/api.w.org\/{rel}","templated":true}]}}